{"id":1391,"date":"2019-09-09T16:24:28","date_gmt":"2019-09-09T16:24:28","guid":{"rendered":"http:\/\/dev.agencesurf.com\/cgu\/"},"modified":"2019-12-06T15:35:44","modified_gmt":"2019-12-06T15:35:44","slug":"tos","status":"publish","type":"page","link":"https:\/\/dev.agencesurf.com\/en\/tos\/","title":{"rendered":"TOS"},"content":{"rendered":"<p>[vc_row][vc_column][vc_column_text]Last updated: 31\/07\/2019<\/p>\n<p>&nbsp;<\/p>\n<p><strong>1. Personal data<\/strong><\/p>\n<p>See our\u00a0<a href=\"https:\/\/dev.agencesurf.com\/politique-de-confidentialite\/\">privacy policy.<\/a><\/p>\n<p>&nbsp;<\/p>\n<p><strong>2. Liability<\/strong><\/p>\n<p>The intellectual property rights relating to the site and its components belong exclusively to LABORATOIRES JUVA SANT\u00c9. Any copy, adaptation, translation, arrangement, communication to the public, lease or other exploitation, or modification of all or part of this site, in any form whatsoever and by any means whatsoever, is strictly prohibited without the prior written consent of LABORATOIRES JUVA SANT\u00c9.<br \/>\nThe names, logos and other signs used on this site, including the logo and the name of the site https:\/\/www.juva.com, are legally protected trademarks and\/or trade names. Any use of these or similar signs is strictly prohibited without the prior written consent of the owner.<\/p>\n<p>Any breach of these rights may result in civil and\/or criminal prosecution.<\/p>\n<p>&nbsp;<\/p>\n<p><strong>3. Intellectual property<\/strong><\/p>\n<p>Les droits de propri\u00e9t\u00e9 intellectuelle relatifs au site et \u00e0 ses composants appartiennent exclusivement aux LABORATOIRES JUVA SANT\u00c9. Toute copie, adaptation, traduction, arrangement, communication au public, location et autre exploitation, modification de tout ou partie de ce site sous quelle que forme que ce soit et par quelque moyen que ce soit est strictement interdit sauf accord pr\u00e9alable et \u00e9crit des LABORATOIRES JUVA SANT\u00c9.<\/p>\n<p>Les d\u00e9nominations, logos et autre signes utilis\u00e9s sur ce site, entre autres le logo et le nom du site <a href=\"https:\/\/www.juva.com\">https:\/\/www.juva.com<\/a>, sont des marques et\/ou noms commerciaux l\u00e9galement prot\u00e9g\u00e9s. Tout usage de ceux-ci ou de signes ressemblants est strictement interdit sans l&#8217;accord pr\u00e9alable et \u00e9crit du titulaire.<\/p>\n<p>Toute infraction \u00e0 ces droits peut entra\u00eener des poursuites civiles et\/ou p\u00e9nales.<\/p>\n<p>&nbsp;<\/p>\n<p><strong>4.\u00a0Cookies<\/strong><\/p>\n<p>This site uses cookies.<\/p>\n<p>A cookie is a small file that is placed on your computer, mobile or tablet when you visit a website. It allows you to be recognised on each subsequent visit. The cookie can also identify your preferences and thus allow the website to offer you the best service by displaying offers and\/or advertisements that are relevant to you. These cookies can be divided into several categories<\/p>\n<p><strong>Strictly necessary cookies<\/strong><\/p>\n<p>These cookies are essential to allow the website to provide you with the services you have requested such as access to secure areas or the products in your cart.<\/p>\n<p><strong>Performance cookies<\/strong><\/p>\n<p>These cookies collect anonymous information about how people use the website. For example, the most visited pages or whether any error messages are being issued. This helps us to improve your browsing and shopping experience.<\/p>\n<p><strong>Cookies de fonctionnalit\u00e9s<\/strong><\/p>\n<p>These cookies allow the website to remember choices you have made, such as your language, user name, etc. These cookies can then be used to provide a more personal experience based on your choices and make your website visit more relevant and enjoyable.<\/p>\n<p>Cookies do not store any personal information. If you do not wish to use cookies, you must set your internet browser to erase cookies on your device. By using our website, you agree that cookies can be placed on your device.<\/p>\n<p><strong>Internet browser settings<\/strong><\/p>\n<p>Cookies can be disabled at any time. Your internet browser is also able to notify you of cookies that are stored on your device and ask whether you accept them or not.<\/p>\n<p>You can accept or refuse cookies on a case-by-case basis or refuse them systematically. In order to manage cookies, you need to set up your internet browser.<\/p>\n<p><strong>For Internet Explorer:<\/strong><\/p>\n<p>Click the &#8220;Tools&#8221; button, then &#8220;Internet Options&#8221;.<br \/>\nUnder the &#8220;General&#8221; tab, under &#8220;Browsing history&#8221;, click &#8220;Settings&#8221;.<br \/>\nClick the &#8220;Show files&#8221; button.<\/p>\n<p><strong>For Firefox:<\/strong><\/p>\n<p>Go to the &#8220;Tools&#8221; tab in the browser then select the &#8220;Options&#8221; menu.<br \/>\nIn the window that appears, choose &#8220;Privacy&#8221; and click &#8220;Show cookies&#8221;.<\/p>\n<p><strong>For Safari:<\/strong><\/p>\n<p>In your browser, choose the menu &#8220;About &gt; Preferences&#8221;.<br \/>\nClick &#8220;Privacy&#8221;.<br \/>\nClick &#8220;Show cookies&#8221;.<\/p>\n<p><strong>For Google Chrome:<\/strong><\/p>\n<p>Click the &#8220;Tools&#8221; menu icon. Select &#8220;Options&#8221;.<br \/>\nClick the &#8220;Advanced&#8221; tab and access the &#8220;Privacy and security&#8221; section.<br \/>\nClick the &#8220;Show cookies&#8221; button.<br \/>\n[\/vc_column_text][\/vc_column][\/vc_row]<\/p>\n","protected":false},"excerpt":{"rendered":"<p>[vc_row][vc_column][vc_column_text]Last updated: 31\/07\/2019 &nbsp; 1. Personal data See our\u00a0privacy policy. &nbsp; 2. Liability The intellectual property rights relating to the [&hellip;]<\/p>\n","protected":false},"author":1,"featured_media":0,"parent":0,"menu_order":0,"comment_status":"closed","ping_status":"open","template":"","meta":[],"yoast_head":"<!-- This site is optimized with the Yoast SEO plugin v15.0 - https:\/\/yoast.com\/wordpress\/plugins\/seo\/ -->\n<title>TOS - Juva Sant\u00e9<\/title>\n<meta name=\"robots\" content=\"noindex, follow, max-snippet:-1, max-image-preview:large, max-video-preview:-1\" \/>\n<meta property=\"og:locale\" content=\"en_US\" \/>\n<meta property=\"og:type\" content=\"article\" \/>\n<meta property=\"og:title\" content=\"TOS - Juva Sant\u00e9\" \/>\n<meta property=\"og:description\" content=\"[vc_row][vc_column][vc_column_text]Last updated: 31\/07\/2019 &nbsp; 1. Personal data See our\u00a0privacy policy. &nbsp; 2. Liability The intellectual property rights relating to the [&hellip;]\" \/>\n<meta property=\"og:url\" content=\"http:\/\/dev.agencesurf.com\/en\/tos\/\" \/>\n<meta property=\"og:site_name\" content=\"Juva Sant\u00e9\" \/>\n<meta property=\"article:modified_time\" content=\"2019-12-06T15:35:44+00:00\" \/>\n<meta name=\"twitter:card\" content=\"summary_large_image\" \/>\n<script type=\"application\/ld+json\" class=\"yoast-schema-graph\">{\"@context\":\"https:\/\/schema.org\",\"@graph\":[{\"@type\":\"WebSite\",\"@id\":\"https:\/\/dev.agencesurf.com\/en\/#website\",\"url\":\"https:\/\/dev.agencesurf.com\/en\/\",\"name\":\"Juva Sant\\u00e9\",\"description\":\"Laboratoire ind\\u00e9pendant et fran\\u00e7ais\",\"potentialAction\":[{\"@type\":\"SearchAction\",\"target\":\"https:\/\/dev.agencesurf.com\/en\/?s={search_term_string}\",\"query-input\":\"required name=search_term_string\"}],\"inLanguage\":\"en-US\"},{\"@type\":\"WebPage\",\"@id\":\"http:\/\/dev.agencesurf.com\/en\/tos\/#webpage\",\"url\":\"http:\/\/dev.agencesurf.com\/en\/tos\/\",\"name\":\"TOS - Juva Sant\\u00e9\",\"isPartOf\":{\"@id\":\"https:\/\/dev.agencesurf.com\/en\/#website\"},\"datePublished\":\"2019-09-09T16:24:28+00:00\",\"dateModified\":\"2019-12-06T15:35:44+00:00\",\"inLanguage\":\"en-US\",\"potentialAction\":[{\"@type\":\"ReadAction\",\"target\":[\"http:\/\/dev.agencesurf.com\/en\/tos\/\"]}]}]}<\/script>\n<!-- \/ Yoast SEO plugin. -->","_links":{"self":[{"href":"https:\/\/dev.agencesurf.com\/en\/wp-json\/wp\/v2\/pages\/1391\/"}],"collection":[{"href":"https:\/\/dev.agencesurf.com\/en\/wp-json\/wp\/v2\/pages\/"}],"about":[{"href":"https:\/\/dev.agencesurf.com\/en\/wp-json\/wp\/v2\/types\/page\/"}],"author":[{"embeddable":true,"href":"https:\/\/dev.agencesurf.com\/en\/wp-json\/wp\/v2\/users\/1\/"}],"replies":[{"embeddable":true,"href":"https:\/\/dev.agencesurf.com\/en\/wp-json\/wp\/v2\/comments\/?post=1391"}],"version-history":[{"count":3,"href":"https:\/\/dev.agencesurf.com\/en\/wp-json\/wp\/v2\/pages\/1391\/revisions\/"}],"predecessor-version":[{"id":1615,"href":"https:\/\/dev.agencesurf.com\/en\/wp-json\/wp\/v2\/pages\/1391\/revisions\/1615\/"}],"wp:attachment":[{"href":"https:\/\/dev.agencesurf.com\/en\/wp-json\/wp\/v2\/media\/?parent=1391"}],"curies":[{"name":"wp","href":"https:\/\/api.w.org\/{rel}","templated":true}]}}